{"id":37,"date":"2025-07-22T21:19:31","date_gmt":"2025-07-22T19:19:31","guid":{"rendered":"http:\/\/www.solego.at\/living\/colibri-wp\/"},"modified":"2025-10-07T08:49:22","modified_gmt":"2025-10-07T06:49:22","slug":"colibri-wp","status":"publish","type":"page","link":"http:\/\/www.solego.at\/living\/","title":{"rendered":"Front Page"},"content":{"rendered":"<div data-colibri-id=\"37-c1\" class=\"style-190 style-local-37-c1 position-relative\">\n  <!---->\n  <div data-colibri-component=\"section\" data-colibri-id=\"37-c2\" id=\"portfolio\" class=\"h-section h-section-global-spacing d-flex align-items-lg-center align-items-md-center align-items-center style-249 style-local-37-c2 position-relative\">\n    <!---->\n    <!---->\n    <div class=\"h-section-grid-container h-section-fluid-container\">\n      <div data-colibri-id=\"37-c8\" class=\"h-row-container gutters-row-lg-2 gutters-row-md-2 gutters-row-0 gutters-row-v-lg-2 gutters-row-v-md-2 gutters-row-v-2 style-263 style-local-37-c8 position-relative\">\n        <!---->\n        <div class=\"h-row justify-content-lg-center justify-content-md-center justify-content-center align-items-lg-stretch align-items-md-stretch align-items-stretch gutters-col-lg-2 gutters-col-md-2 gutters-col-0 gutters-col-v-lg-2 gutters-col-v-md-2 gutters-col-v-2\">\n          <!---->\n          <div class=\"h-column h-column-container d-flex h-col-lg-auto h-col-md-auto h-col-auto style-264-outer style-local-37-c9-outer\">\n            <div data-colibri-id=\"37-c9\" class=\"d-flex h-flex-basis h-column__inner h-px-lg-2 h-px-md-2 h-px-2 v-inner-lg-2 v-inner-md-2 v-inner-2 style-264 style-local-37-c9 position-relative\">\n              <!---->\n              <!---->\n              <div class=\"w-100 h-y-container h-column__content h-column__v-align flex-basis-100 align-self-lg-start align-self-md-start align-self-start\">\n                <!---->\n                <div data-colibri-id=\"37-c10\" class=\"h-global-transition-all h-heading style-265 style-local-37-c10 position-relative h-element\">\n                  <!---->\n                  <div class=\"h-heading__outer style-265 style-local-37-c10\">\n                    <!---->\n                    <!---->\n                    <h2 class=\"\">Willkommen bei Ihrem perfekten R\u00fcckzugsort in der Steiermark<\/h2>\n                  <\/div>\n                <\/div>\n                <div data-colibri-id=\"37-c11\" class=\"h-lead h-text h-text-component style-266 style-local-37-c11 position-relative h-element\">\n                  <!---->\n                  <!---->\n                  <div class=\"\">\n                    <p>Ob Sie den urbanen Charme von Graz genie\u00dfen oder in der idyllischen Natur der S\u00fcdweststeiermark zur Ruhe kommen m\u00f6chten \u2013\n                      <br>bei uns finden Sie die passende Unterkunft f\u00fcr jeden Anlass.\n                      <br>\n                      <br>Klicken Sie einfach auf das Objekt Ihres Interesses f\u00fcr weitere Informationen und Fotos zur Ausstattung, Lage und Buchungsm\u00f6glichkeiten.\n                      <br>\n                    <\/p>\n                  <\/div>\n                <\/div>\n              <\/div>\n            <\/div>\n          <\/div>\n        <\/div>\n      <\/div>\n      <div data-colibri-id=\"37-c3\" class=\"h-row-container gutters-row-lg-0 gutters-row-md-0 gutters-row-0 gutters-row-v-lg-0 gutters-row-v-md-0 gutters-row-v-0 style-250 style-local-37-c3 position-relative\">\n        <!---->\n        <div class=\"h-row justify-content-lg-center justify-content-md-center justify-content-center align-items-lg-stretch align-items-md-stretch align-items-stretch gutters-col-lg-0 gutters-col-md-0 gutters-col-0 gutters-col-v-lg-0 gutters-col-v-md-0 gutters-col-v-0\">\n          <!---->\n          <div class=\"h-column h-column-container d-flex h-col-lg-3 h-col-md-3 h-col-12 style-251-outer style-local-37-c4-outer\">\n            <div data-colibri-id=\"37-c4\" class=\"d-flex h-flex-basis h-column__inner h-px-lg-0 h-px-md-0 h-px-0 v-inner-lg-0 v-inner-md-0 v-inner-0 style-251 style-local-37-c4 position-relative\">\n              <!---->\n              <!---->\n              <div class=\"w-100 h-y-container h-column__content h-column__v-align flex-basis-100 align-self-lg-start align-self-md-start align-self-start\">\n                <!---->\n                <div data-colibri-id=\"37-c5\" class=\"d-block style-340 style-local-37-c5 position-relative h-element\">\n                  <!---->\n                  <div class=\"h-image__frame-container-outer\">\n                    <a href=\"http:\/\/www.solego.at\/living\/solego-living-business-n-arts\/\" h-use-smooth-scroll=\"true\" class=\"image-link\">\n                      <div class=\"h-image__frame-container\">\n                        <!---->\n                        <!---->\n                        <img loading=\"lazy\" decoding=\"async\" width=\"1198\" height=\"1198\" src=\"http:\/\/www.solego.at\/living\/wp-content\/uploads\/2025\/07\/cropped-cropped-cropped-WhatsApp-Image-2025-07-24-at-11.53.26_514181d2.jpg\" class=\"wp-image-311 style-340-image style-local-37-c5-image\" alt=\"\" srcset=\"http:\/\/www.solego.at\/living\/wp-content\/uploads\/2025\/07\/cropped-cropped-cropped-WhatsApp-Image-2025-07-24-at-11.53.26_514181d2.jpg 1198w, http:\/\/www.solego.at\/living\/wp-content\/uploads\/2025\/07\/cropped-cropped-cropped-WhatsApp-Image-2025-07-24-at-11.53.26_514181d2-300x300.jpg 300w, http:\/\/www.solego.at\/living\/wp-content\/uploads\/2025\/07\/cropped-cropped-cropped-WhatsApp-Image-2025-07-24-at-11.53.26_514181d2-1024x1024.jpg 1024w, http:\/\/www.solego.at\/living\/wp-content\/uploads\/2025\/07\/cropped-cropped-cropped-WhatsApp-Image-2025-07-24-at-11.53.26_514181d2-150x150.jpg 150w, http:\/\/www.solego.at\/living\/wp-content\/uploads\/2025\/07\/cropped-cropped-cropped-WhatsApp-Image-2025-07-24-at-11.53.26_514181d2-768x768.jpg 768w\" sizes=\"auto, (max-width: 1198px) 100vw, 1198px\" \/>\n                        <div class=\"h-image__frame h-hide-lg h-hide-md h-hide-sm style-340-frameImage style-local-37-c5-frameImage\"><\/div>\n                      <\/div>\n                    <\/a>\n                  <\/div>\n                <\/div>\n              <\/div>\n            <\/div>\n          <\/div>\n          <div class=\"h-column h-column-container d-flex h-col-lg-3 h-col-md-3 h-col-12 style-251-outer style-local-37-c6-outer\">\n            <div data-colibri-id=\"37-c6\" class=\"d-flex h-flex-basis h-column__inner h-px-lg-0 h-px-md-0 h-px-0 v-inner-lg-0 v-inner-md-0 v-inner-0 style-251 style-local-37-c6 position-relative\">\n              <!---->\n              <!---->\n              <div class=\"w-100 h-y-container h-column__content h-column__v-align flex-basis-100 align-self-lg-start align-self-md-start align-self-start\">\n                <!---->\n                <div data-colibri-id=\"37-c7\" class=\"d-block style-342 style-local-37-c7 position-relative h-element\">\n                  <!---->\n                  <div class=\"h-image__frame-container-outer\">\n                    <a href=\"http:\/\/www.solego.at\/living\/business-narts-apartment\/\" h-use-smooth-scroll=\"true\" class=\"image-link\">\n                      <div class=\"h-image__frame-container\">\n                        <!---->\n                        <!---->\n                        <img loading=\"lazy\" decoding=\"async\" width=\"1196\" height=\"1196\" src=\"http:\/\/www.solego.at\/living\/wp-content\/uploads\/2025\/07\/cropped-cropped-8086e3a2-26c7-47e5-8bde-c4b48271bf3a-1.jpg\" class=\"wp-image-312 style-342-image style-local-37-c7-image\" alt=\"\" srcset=\"http:\/\/www.solego.at\/living\/wp-content\/uploads\/2025\/07\/cropped-cropped-8086e3a2-26c7-47e5-8bde-c4b48271bf3a-1.jpg 1196w, http:\/\/www.solego.at\/living\/wp-content\/uploads\/2025\/07\/cropped-cropped-8086e3a2-26c7-47e5-8bde-c4b48271bf3a-1-300x300.jpg 300w, http:\/\/www.solego.at\/living\/wp-content\/uploads\/2025\/07\/cropped-cropped-8086e3a2-26c7-47e5-8bde-c4b48271bf3a-1-1024x1024.jpg 1024w, http:\/\/www.solego.at\/living\/wp-content\/uploads\/2025\/07\/cropped-cropped-8086e3a2-26c7-47e5-8bde-c4b48271bf3a-1-150x150.jpg 150w, http:\/\/www.solego.at\/living\/wp-content\/uploads\/2025\/07\/cropped-cropped-8086e3a2-26c7-47e5-8bde-c4b48271bf3a-1-768x768.jpg 768w\" sizes=\"auto, (max-width: 1196px) 100vw, 1196px\" \/>\n                        <div class=\"h-image__frame h-hide-lg h-hide-md h-hide-sm style-342-frameImage style-local-37-c7-frameImage\"><\/div>\n                      <\/div>\n                    <\/a>\n                  <\/div>\n                <\/div>\n              <\/div>\n            <\/div>\n          <\/div>\n        <\/div>\n      <\/div>\n    <\/div>\n  <\/div>\n<\/div>","protected":false},"excerpt":{"rendered":"<p>Willkommen bei Ihrem perfekten R\u00fcckzugsort in der Steiermark Ob Sie den urbanen Charme von Graz genie\u00dfen oder in der idyllischen Natur der S\u00fcdweststeiermark zur Ruhe kommen m\u00f6chten \u2013 bei uns finden Sie die passende Unterkunft f\u00fcr jeden Anlass. Klicken Sie einfach auf das Objekt Ihres Interesses f\u00fcr weitere Informationen und Fotos zur Ausstattung, Lage und [&hellip;]<\/p>\n","protected":false},"author":1,"featured_media":0,"parent":0,"menu_order":0,"comment_status":"closed","ping_status":"closed","template":"page-templates\/homepage.php","meta":{"footnotes":""},"class_list":["post-37","page","type-page","status-publish","hentry"],"_links":{"self":[{"href":"http:\/\/www.solego.at\/living\/wp-json\/wp\/v2\/pages\/37","targetHints":{"allow":["GET"]}}],"collection":[{"href":"http:\/\/www.solego.at\/living\/wp-json\/wp\/v2\/pages"}],"about":[{"href":"http:\/\/www.solego.at\/living\/wp-json\/wp\/v2\/types\/page"}],"author":[{"embeddable":true,"href":"http:\/\/www.solego.at\/living\/wp-json\/wp\/v2\/users\/1"}],"replies":[{"embeddable":true,"href":"http:\/\/www.solego.at\/living\/wp-json\/wp\/v2\/comments?post=37"}],"version-history":[{"count":8,"href":"http:\/\/www.solego.at\/living\/wp-json\/wp\/v2\/pages\/37\/revisions"}],"predecessor-version":[{"id":314,"href":"http:\/\/www.solego.at\/living\/wp-json\/wp\/v2\/pages\/37\/revisions\/314"}],"wp:attachment":[{"href":"http:\/\/www.solego.at\/living\/wp-json\/wp\/v2\/media?parent=37"}],"curies":[{"name":"wp","href":"https:\/\/api.w.org\/{rel}","templated":true}]}}